{"id":7,"date":"2026-04-03T14:27:36","date_gmt":"2026-04-03T12:27:36","guid":{"rendered":"http:\/\/3d.gniezno.pl\/?page_id=7"},"modified":"2026-04-04T23:10:12","modified_gmt":"2026-04-04T21:10:12","slug":"strona-domowa","status":"publish","type":"page","link":"https:\/\/3d.gniezno.pl\/","title":{"rendered":"Strona domowa"},"content":{"rendered":"\n<div class=\"wp-block-cover alignfull is-light\" style=\"min-height:720px;aspect-ratio:unset;\"><span aria-hidden=\"true\" class=\"wp-block-cover__background has-background-dim-100 has-background-dim has-background-gradient\" style=\"background:linear-gradient(35deg,rgb(6,0,151) 0%,rgb(130,4,255) 73%,rgb(193,15,255) 100%)\"><\/span><div class=\"wp-block-cover__inner-container is-layout-flow wp-block-cover-is-layout-flow\">\n<div class=\"inherit-container-width wp-block-group alignwide is-layout-constrained wp-block-group-is-layout-constrained\">\n<div class=\"wp-block-media-text alignwide has-media-on-the-right is-stacked-on-mobile is-vertically-aligned-center\" style=\"grid-template-columns:auto 32%\"><div class=\"wp-block-media-text__content\">\n<h1 class=\"wp-block-heading has-text-align-left has-white-color has-text-color\">Druk 3D to nasza bajka<\/h1>\n\n\n\n<p class=\"has-white-color has-text-color\">Zamie\u0144 sw\u00f3j pomys\u0142 na prawdziwy plastikowy przedmiot<\/p>\n\n\n\n<div class=\"wp-block-buttons is-layout-flex wp-block-buttons-is-layout-flex\">\n<div class=\"wp-block-button\"><a class=\"wp-block-button__link wp-element-button\" href=\"#contact\">Zam\u00f3w teraz<\/a><\/div>\n<\/div>\n<\/div><figure class=\"wp-block-media-text__media\"><img loading=\"lazy\" decoding=\"async\" width=\"512\" height=\"512\" src=\"https:\/\/3d.gniezno.pl\/wp-content\/uploads\/2026\/04\/3d-printer.png\" alt=\"\" class=\"wp-image-33 size-full\" srcset=\"https:\/\/3d.gniezno.pl\/wp-content\/uploads\/2026\/04\/3d-printer.png 512w, https:\/\/3d.gniezno.pl\/wp-content\/uploads\/2026\/04\/3d-printer-300x300.png 300w, https:\/\/3d.gniezno.pl\/wp-content\/uploads\/2026\/04\/3d-printer-150x150.png 150w\" sizes=\"auto, (max-width: 512px) 100vw, 512px\" \/><\/figure><\/div>\n<\/div>\n<\/div><\/div>\n\n\n\n<div class=\"wp-block-group alignfull is-layout-constrained wp-container-core-group-is-layout-45b0ac4f wp-block-group-is-layout-constrained\" id=\"services\" style=\"padding-top:144px;padding-bottom:0px\">\n<h2 class=\"wp-block-heading\">Nasze us\u0142ugi<\/h2>\n\n\n\n<div class=\"wp-block-columns is-layout-flex wp-container-core-columns-is-layout-60cbf9bb wp-block-columns-is-layout-flex\" style=\"margin-top:50px\">\n<div class=\"wp-block-column is-layout-flow wp-container-core-column-is-layout-6b73ce23 wp-block-column-is-layout-flow\">\n<figure class=\"wp-block-image size-full\"><img loading=\"lazy\" decoding=\"async\" width=\"512\" height=\"512\" src=\"https:\/\/3d.gniezno.pl\/wp-content\/uploads\/2026\/04\/project-management.png\" alt=\"\" class=\"wp-image-37\" srcset=\"https:\/\/3d.gniezno.pl\/wp-content\/uploads\/2026\/04\/project-management.png 512w, https:\/\/3d.gniezno.pl\/wp-content\/uploads\/2026\/04\/project-management-300x300.png 300w, https:\/\/3d.gniezno.pl\/wp-content\/uploads\/2026\/04\/project-management-150x150.png 150w\" sizes=\"auto, (max-width: 512px) 100vw, 512px\" \/><\/figure>\n\n\n\n<h3 class=\"wp-block-heading\" style=\"margin-top:16px\">Projektowanie 3D<\/h3>\n\n\n\n<p>Kompleksowo oferujemy projektowanie obiekt\u00f3w tr\u00f3jwymiarowych przeznaczonych do druku FDM, SLA&#8230; oraz innych zastosowa\u0144 CAD3D\/CNC<\/p>\n<\/div>\n\n\n\n<div class=\"wp-block-column is-layout-flow wp-container-core-column-is-layout-6b73ce23 wp-block-column-is-layout-flow\">\n<figure class=\"wp-block-image size-full\"><img loading=\"lazy\" decoding=\"async\" width=\"512\" height=\"512\" src=\"https:\/\/3d.gniezno.pl\/wp-content\/uploads\/2026\/04\/3d-printing.png\" alt=\"\" class=\"wp-image-36\" srcset=\"https:\/\/3d.gniezno.pl\/wp-content\/uploads\/2026\/04\/3d-printing.png 512w, https:\/\/3d.gniezno.pl\/wp-content\/uploads\/2026\/04\/3d-printing-300x300.png 300w, https:\/\/3d.gniezno.pl\/wp-content\/uploads\/2026\/04\/3d-printing-150x150.png 150w\" sizes=\"auto, (max-width: 512px) 100vw, 512px\" \/><\/figure>\n\n\n\n<h3 class=\"wp-block-heading\" style=\"margin-top:16px\">Druk 3D FDM<\/h3>\n\n\n\n<p>Drukujemy z projekt\u00f3w dostarczonych przez klienta, z internetowych baz modeli oraz stworzonych przez nas. Posiadamy sprz\u0119t czeskiej marki Josef Pr\u016f\u0161a<\/p>\n\n\n\n<p><\/p>\n<\/div>\n\n\n\n<div class=\"wp-block-column is-layout-flow wp-container-core-column-is-layout-6b73ce23 wp-block-column-is-layout-flow\">\n<figure class=\"wp-block-image size-full\"><img loading=\"lazy\" decoding=\"async\" width=\"512\" height=\"512\" src=\"https:\/\/3d.gniezno.pl\/wp-content\/uploads\/2026\/04\/part.png\" alt=\"\" class=\"wp-image-35\" srcset=\"https:\/\/3d.gniezno.pl\/wp-content\/uploads\/2026\/04\/part.png 512w, https:\/\/3d.gniezno.pl\/wp-content\/uploads\/2026\/04\/part-300x300.png 300w, https:\/\/3d.gniezno.pl\/wp-content\/uploads\/2026\/04\/part-150x150.png 150w\" sizes=\"auto, (max-width: 512px) 100vw, 512px\" \/><\/figure>\n\n\n\n<h3 class=\"wp-block-heading\" style=\"margin-top:16px\">Dorabianie cz\u0119\u015bci<\/h3>\n\n\n\n<p>Ch\u0119tnie zwymiarujemy dostarczone przez klienta cz\u0119\u015bci i w razie potrzeby odtworzymy je z odpowiednio dobranych materia\u0142\u00f3w dla danego zastosowania.<\/p>\n<\/div>\n<\/div>\n<\/div>\n\n\n\n<div class=\"wp-block-group alignfull has-ast-global-color-4-background-color has-background is-layout-constrained wp-container-core-group-is-layout-6a2cfb7b wp-block-group-is-layout-constrained\">\n<figure class=\"wp-block-image aligncenter size-full is-resized\"><img loading=\"lazy\" decoding=\"async\" width=\"385\" height=\"539\" src=\"https:\/\/3d.gniezno.pl\/wp-content\/uploads\/2026\/04\/bret-pettis-05-2018_507041.webp\" alt=\"\" class=\"wp-image-38\" style=\"width:118px;height:auto\" srcset=\"https:\/\/3d.gniezno.pl\/wp-content\/uploads\/2026\/04\/bret-pettis-05-2018_507041.webp 385w, https:\/\/3d.gniezno.pl\/wp-content\/uploads\/2026\/04\/bret-pettis-05-2018_507041-214x300.webp 214w\" sizes=\"auto, (max-width: 385px) 100vw, 385px\" \/><\/figure>\n\n\n\n<p><p class=\"\u201dhas-text-align-center\" style=\"\u201dfont-size:22px;line-height:1.6\u201d\" has-ast-global-color-2-color=\"\" has-text-color\u201d=\"\">&#8222;druk 3D sprawi, \u017ce produkcja b\u0119dzie dost\u0119pna dla ka\u017cdego &#8211; nie tylko dla firm, ale te\u017c dla zwyk\u0142ych ludzi&#8221;<\/p><\/p>\n\n\n\n<p class=\"has-text-align-center has-ast-global-color-2-color has-text-color\"><strong>Bre Pettis<\/strong><\/p>\n<\/div>\n\n\n\n<div class=\"wp-block-group alignfull is-layout-constrained wp-container-core-group-is-layout-3fee123f wp-block-group-is-layout-constrained\" id=\"whyus\" style=\"padding-top:144px;padding-bottom:144px\">\n<h2 class=\"wp-block-heading\">Dlaczego wybra\u0107 nas?<\/h2>\n\n\n\n<div class=\"wp-block-columns is-layout-flex wp-container-core-columns-is-layout-29aadeec wp-block-columns-is-layout-flex\" style=\"margin-top:60px\">\n<div class=\"wp-block-column is-layout-flow wp-container-core-column-is-layout-6b73ce23 wp-block-column-is-layout-flow\">\n<figure class=\"wp-block-image size-large\"><img decoding=\"async\" src=\"https:\/\/3d.gniezno.pl\/wp-content\/themes\/astra\/inc\/assets\/images\/starter-content\/passionate.svg\" alt=\"\" class=\"wp-image-162\"\/><\/figure>\n\n\n\n<h3 class=\"wp-block-heading\" style=\"margin-top:16px\">Pasja<\/h3>\n\n\n\n<p>Druk 3D opr\u00f3cz pracy jest dla nas wieloletnim hobby!<\/p>\n<\/div>\n\n\n\n<div class=\"wp-block-column is-layout-flow wp-container-core-column-is-layout-6b73ce23 wp-block-column-is-layout-flow\">\n<figure class=\"wp-block-image size-large\"><img decoding=\"async\" src=\"https:\/\/3d.gniezno.pl\/wp-content\/themes\/astra\/inc\/assets\/images\/starter-content\/professional.svg\" alt=\"\" class=\"wp-image-163\"\/><\/figure>\n\n\n\n<h3 class=\"wp-block-heading\" style=\"margin-top:16px\">Profesjonalizm<\/h3>\n\n\n\n<p>Posiadamy sprz\u0119t i filamenty z najwy\u017cszej p\u00f3\u0142ki, ka\u017cdy wydruk przed trafieniem do klienta przechodzi wieloetapow\u0105 kontrol\u0119 jako\u015bci.<\/p>\n<\/div>\n\n\n\n<div class=\"wp-block-column is-layout-flow wp-container-core-column-is-layout-6b73ce23 wp-block-column-is-layout-flow\">\n<figure class=\"wp-block-image size-large\"><img decoding=\"async\" src=\"https:\/\/3d.gniezno.pl\/wp-content\/themes\/astra\/inc\/assets\/images\/starter-content\/support.svg\" alt=\"\" class=\"wp-image-164\"\/><\/figure>\n\n\n\n<h3 class=\"wp-block-heading\" style=\"margin-top:16px\">Wsparcie<\/h3>\n\n\n\n<p>Nie ma dla nas rzeczy niemo\u017cliwych! Napisz maila i ogarniemy wszystko co potrzebujesz.<\/p>\n<\/div>\n<\/div>\n<\/div>\n\n\n\n<div class=\"wp-block-group alignfull has-background is-layout-constrained wp-block-group-is-layout-constrained\" id=\"contact\" style=\"background:linear-gradient(35deg,rgb(6,0,151) 0%,rgb(130,4,255) 64%,rgb(193,15,255) 98%);padding-top:104px;padding-bottom:104px\">\n<h1 class=\"wp-block-heading has-text-align-center has-text-color\" style=\"color:#ffffff\">kontakt@3d.gniezno.pl<\/h1>\n\n\n\n<div class=\"wp-block-buttons alignwide is-horizontal is-content-justification-center is-layout-flex wp-container-core-buttons-is-layout-bba8380a wp-block-buttons-is-layout-flex\" style=\"margin-top:50px\"><\/div>\n<\/div>\n\n\n\n<p><\/p>\n","protected":false},"excerpt":{"rendered":"<p>Nasze us\u0142ugi Projektowanie 3D Kompleksowo oferujemy projektowanie obiekt\u00f3w tr\u00f3jwymiarowych przeznaczonych do druku FDM, SLA&#8230; oraz innych zastosowa\u0144 CAD3D\/CNC Druk 3D [&hellip;]<\/p>\n","protected":false},"author":1,"featured_media":0,"parent":0,"menu_order":0,"comment_status":"closed","ping_status":"closed","template":"","meta":{"site-sidebar-layout":"no-sidebar","site-content-layout":"plain-container","ast-site-content-layout":"default","site-content-style":"default","site-sidebar-style":"default","ast-global-header-display":"","ast-banner-title-visibility":"","ast-main-header-display":"","ast-hfb-above-header-display":"","ast-hfb-below-header-display":"","ast-hfb-mobile-header-display":"","site-post-title":"disabled","ast-breadcrumbs-content":"","ast-featured-img":"","footer-sml-layout":"","ast-disable-related-posts":"","theme-transparent-header-meta":"enabled","adv-header-id-meta":"","stick-header-meta":"","header-above-stick-meta":"","header-main-stick-meta":"","header-below-stick-meta":"","astra-migrate-meta-layouts":"default","ast-page-background-enabled":"default","ast-page-background-meta":{"desktop":{"background-color":"var(--ast-global-color-5)","background-image":"","background-repeat":"repeat","background-position":"center center","background-size":"auto","background-attachment":"scroll","background-type":"","background-media":"","overlay-type":"","overlay-color":"","overlay-opacity":"","overlay-gradient":""},"tablet":{"background-color":"","background-image":"","background-repeat":"repeat","background-position":"center center","background-size":"auto","background-attachment":"scroll","background-type":"","background-media":"","overlay-type":"","overlay-color":"","overlay-opacity":"","overlay-gradient":""},"mobile":{"background-color":"","background-image":"","background-repeat":"repeat","background-position":"center center","background-size":"auto","background-attachment":"scroll","background-type":"","background-media":"","overlay-type":"","overlay-color":"","overlay-opacity":"","overlay-gradient":""}},"ast-content-background-meta":{"desktop":{"background-color":"var(--ast-global-color-4)","background-image":"","background-repeat":"repeat","background-position":"center center","background-size":"auto","background-attachment":"scroll","background-type":"","background-media":"","overlay-type":"","overlay-color":"","overlay-opacity":"","overlay-gradient":""},"tablet":{"background-color":"var(--ast-global-color-4)","background-image":"","background-repeat":"repeat","background-position":"center center","background-size":"auto","background-attachment":"scroll","background-type":"","background-media":"","overlay-type":"","overlay-color":"","overlay-opacity":"","overlay-gradient":""},"mobile":{"background-color":"var(--ast-global-color-4)","background-image":"","background-repeat":"repeat","background-position":"center center","background-size":"auto","background-attachment":"scroll","background-type":"","background-media":"","overlay-type":"","overlay-color":"","overlay-opacity":"","overlay-gradient":""}},"footnotes":""},"class_list":["post-7","page","type-page","status-publish","hentry"],"_links":{"self":[{"href":"https:\/\/3d.gniezno.pl\/index.php?rest_route=\/wp\/v2\/pages\/7","targetHints":{"allow":["GET"]}}],"collection":[{"href":"https:\/\/3d.gniezno.pl\/index.php?rest_route=\/wp\/v2\/pages"}],"about":[{"href":"https:\/\/3d.gniezno.pl\/index.php?rest_route=\/wp\/v2\/types\/page"}],"author":[{"embeddable":true,"href":"https:\/\/3d.gniezno.pl\/index.php?rest_route=\/wp\/v2\/users\/1"}],"replies":[{"embeddable":true,"href":"https:\/\/3d.gniezno.pl\/index.php?rest_route=%2Fwp%2Fv2%2Fcomments&post=7"}],"version-history":[{"count":8,"href":"https:\/\/3d.gniezno.pl\/index.php?rest_route=\/wp\/v2\/pages\/7\/revisions"}],"predecessor-version":[{"id":49,"href":"https:\/\/3d.gniezno.pl\/index.php?rest_route=\/wp\/v2\/pages\/7\/revisions\/49"}],"wp:attachment":[{"href":"https:\/\/3d.gniezno.pl\/index.php?rest_route=%2Fwp%2Fv2%2Fmedia&parent=7"}],"curies":[{"name":"wp","href":"https:\/\/api.w.org\/{rel}","templated":true}]}}